{"id":317,"date":"2026-04-14T21:36:07","date_gmt":"2026-04-14T19:36:07","guid":{"rendered":"https:\/\/restaurant-anthon-privee.org\/?page_id=317"},"modified":"2026-04-24T21:36:02","modified_gmt":"2026-04-24T19:36:02","slug":"restaurant","status":"publish","type":"page","link":"https:\/\/restaurant-anthon-privee.org\/?page_id=317","title":{"rendered":"Restaurant"},"content":{"rendered":"\t\t<div data-elementor-type=\"wp-page\" data-elementor-id=\"317\" class=\"elementor elementor-317\">\n\t\t\t\t<div class=\"elementor-element elementor-element-6eb5bee e-flex e-con-boxed e-con e-parent\" data-id=\"6eb5bee\" data-element_type=\"container\" data-e-type=\"container\" data-settings=\"{&quot;background_background&quot;:&quot;classic&quot;}\">\n\t\t\t\t\t<div class=\"e-con-inner\">\n\t\t\t\t<div class=\"elementor-element elementor-element-88c2635 elementor-widget elementor-widget-heading\" data-id=\"88c2635\" data-element_type=\"widget\" data-e-type=\"widget\" data-widget_type=\"heading.default\">\n\t\t\t\t\t<h2 class=\"elementor-heading-title elementor-size-default\">Restaurant<\/h2>\t\t\t\t<\/div>\n\t\t\t\t<div class=\"elementor-element elementor-element-5e5536d elementor-widget elementor-widget-html\" data-id=\"5e5536d\" data-element_type=\"widget\" data-e-type=\"widget\" data-widget_type=\"html.default\">\n\t\t\t\t\t<hr style=\"background-color: white;\r\n    height: 4px;\r\n    width: 10%;\r\n    margin: 0;\">\t\t\t\t<\/div>\n\t\t\t\t\t<\/div>\n\t\t\t\t<\/div>\n\t\t<div class=\"elementor-element elementor-element-132d0f2 e-flex e-con-boxed e-con e-parent\" data-id=\"132d0f2\" data-element_type=\"container\" data-e-type=\"container\">\n\t\t\t\t\t<div class=\"e-con-inner\">\n\t\t<div class=\"elementor-element elementor-element-6816e94 e-con-full e-flex e-con e-child\" data-id=\"6816e94\" data-element_type=\"container\" data-e-type=\"container\">\n\t\t\t\t<div class=\"elementor-element elementor-element-d7976af elementor-invisible elementor-widget elementor-widget-heading\" data-id=\"d7976af\" data-element_type=\"widget\" data-e-type=\"widget\" data-settings=\"{&quot;_animation&quot;:&quot;fadeInUp&quot;}\" data-widget_type=\"heading.default\">\n\t\t\t\t\t<h2 class=\"elementor-heading-title elementor-size-default\">Le restaurant<\/h2>\t\t\t\t<\/div>\n\t\t\t\t<div class=\"elementor-element elementor-element-d2ea99b elementor-invisible elementor-widget elementor-widget-text-editor\" data-id=\"d2ea99b\" data-element_type=\"widget\" data-e-type=\"widget\" data-settings=\"{&quot;_animation&quot;:&quot;fadeInUp&quot;}\" data-widget_type=\"text-editor.default\">\n\t\t\t\t\t\t\t\t\t<p style=\"text-align: left;\"><br \/>Un lieu magique dans l&rsquo;ambiance chaleureuse d&rsquo;une maison alsacienne pour une table authentique et une cuisine savoureuse et cr\u00e9ative \u00e0 partir de produits locaux ainsi que de d\u00e9licieux petits pains, p\u00e9tris et cuits sur place pour votre plaisir.<\/p><p style=\"text-align: left;\">Dans une grande et belle salle en rotonde qui vous donne l&rsquo;impression de d\u00e9jeuner ou d\u00eener dans le jardin.<\/p><p style=\"text-align: left;\">Le restaurant vous accueille de <strong>12h \u00e0 13h30<\/strong> pour le d\u00e9jeuner et de <strong>18h45 \u00e0 20h30<\/strong> pour le d\u00eener.<\/p><p style=\"text-align: left;\">Nos amis les chiens bien \u00e9lev\u00e9s sont les bienvenus !<\/p><p><style>\n.resa-link {<br \/>\n  color: #7A7A7A;<br \/>\n  text-decoration: none;<br \/>\n  transition: color 0.2s ease;<br \/>\n}<\/p>\n<p>.resa-link:hover {<br \/>\n  color: #000000;<br \/>\n}<br \/>\n<\/style><\/p><p style=\"text-align: left;\">R\u00e9servation au<br \/><a class=\"resa-link\" href=\"tel:+33388095501\">03.88.09.55.01<\/a><br \/>ou par e-mail :<br \/><a class=\"resa-link\" href=\"mailto:info@restaurant-anthon.fr\">info@restaurant-anthon.fr<\/a><\/p>\t\t\t\t\t\t\t\t<\/div>\n\t\t\t\t<div class=\"elementor-element elementor-element-0856a3a elementor-invisible elementor-widget elementor-widget-button\" data-id=\"0856a3a\" data-element_type=\"widget\" data-e-type=\"widget\" data-settings=\"{&quot;_animation&quot;:&quot;fadeInUp&quot;}\" data-widget_type=\"button.default\">\n\t\t\t\t\t\t\t\t\t\t<a class=\"elementor-button elementor-button-link elementor-size-sm\" href=\"https:\/\/ivory-eagle-730361.hostingersite.com\/menu\/\">\n\t\t\t\t\t\t<span class=\"elementor-button-content-wrapper\">\n\t\t\t\t\t\t\t\t\t<span class=\"elementor-button-text\">Voir la carte<\/span>\n\t\t\t\t\t<\/span>\n\t\t\t\t\t<\/a>\n\t\t\t\t\t\t\t\t<\/div>\n\t\t\t\t<\/div>\n\t\t<div class=\"elementor-element elementor-element-d2c3f84 e-con-full e-flex elementor-invisible e-con e-child\" data-id=\"d2c3f84\" data-element_type=\"container\" data-e-type=\"container\" data-settings=\"{&quot;background_background&quot;:&quot;classic&quot;,&quot;animation&quot;:&quot;fadeInUp&quot;}\">\n\t\t\t\t<\/div>\n\t\t\t\t\t<\/div>\n\t\t\t\t<\/div>\n\t\t<div class=\"elementor-element elementor-element-d213609 e-flex e-con-boxed e-con e-parent\" data-id=\"d213609\" data-element_type=\"container\" data-e-type=\"container\" data-settings=\"{&quot;background_background&quot;:&quot;classic&quot;}\">\n\t\t\t\t\t<div class=\"e-con-inner\">\n\t\t\t\t<div class=\"elementor-element elementor-element-9951c2e elementor-invisible elementor-widget elementor-widget-heading\" data-id=\"9951c2e\" data-element_type=\"widget\" data-e-type=\"widget\" data-settings=\"{&quot;_animation&quot;:&quot;fadeInUp&quot;}\" data-widget_type=\"heading.default\">\n\t\t\t\t\t<h2 class=\"elementor-heading-title elementor-size-default\">Packages<\/h2>\t\t\t\t<\/div>\n\t\t<div class=\"elementor-element elementor-element-179f7d5 e-con-full e-flex e-con e-child\" data-id=\"179f7d5\" data-element_type=\"container\" data-e-type=\"container\">\n\t\t<div class=\"elementor-element elementor-element-3bee3e8 e-con-full e-flex elementor-invisible e-con e-child\" data-id=\"3bee3e8\" data-element_type=\"container\" data-e-type=\"container\" data-settings=\"{&quot;background_background&quot;:&quot;classic&quot;,&quot;animation&quot;:&quot;fadeInUp&quot;}\">\n\t\t\t\t<div class=\"elementor-element elementor-element-ee08357 elementor-widget elementor-widget-heading\" data-id=\"ee08357\" data-element_type=\"widget\" data-e-type=\"widget\" data-widget_type=\"heading.default\">\n\t\t\t\t\t<h2 class=\"elementor-heading-title elementor-size-default\"><i>Formule suggestion<\/i><\/h2>\t\t\t\t<\/div>\n\t\t\t\t<div class=\"elementor-element elementor-element-f2ad5d7 elementor-widget elementor-widget-text-editor\" data-id=\"f2ad5d7\" data-element_type=\"widget\" data-e-type=\"widget\" data-widget_type=\"text-editor.default\">\n\t\t\t\t\t\t\t\t\t<p><em>un menu avec 4 plats et 3 verres de vin<\/em><\/p>\t\t\t\t\t\t\t\t<\/div>\n\t\t\t\t<div class=\"elementor-element elementor-element-cbb2e86 elementor-widget elementor-widget-heading\" data-id=\"cbb2e86\" data-element_type=\"widget\" data-e-type=\"widget\" data-widget_type=\"heading.default\">\n\t\t\t\t\t<h2 class=\"elementor-heading-title elementor-size-default\">Prix : 80,00 \u20ac \/ par personne<\/h2>\t\t\t\t<\/div>\n\t\t\t\t<\/div>\n\t\t<div class=\"elementor-element elementor-element-75af65a e-con-full e-flex elementor-invisible e-con e-child\" data-id=\"75af65a\" data-element_type=\"container\" data-e-type=\"container\" data-settings=\"{&quot;background_background&quot;:&quot;classic&quot;,&quot;animation&quot;:&quot;fadeInUp&quot;}\">\n\t\t\t\t<div class=\"elementor-element elementor-element-01003ce elementor-widget elementor-widget-heading\" data-id=\"01003ce\" data-element_type=\"widget\" data-e-type=\"widget\" data-widget_type=\"heading.default\">\n\t\t\t\t\t<h2 class=\"elementor-heading-title elementor-size-default\"><i>Le petit menu<\/i><\/h2>\t\t\t\t<\/div>\n\t\t\t\t<div class=\"elementor-element elementor-element-9d3273c elementor-widget elementor-widget-text-editor\" data-id=\"9d3273c\" data-element_type=\"widget\" data-e-type=\"widget\" data-widget_type=\"text-editor.default\">\n\t\t\t\t\t\t\t\t\t<ul><li>Gaspacho de tomates bio<\/li><li>Les fleischnaka de nos vosgiennes aux champignons<\/li><li>Les glaces et sorbets \u00e0 la minute<\/li><\/ul>\t\t\t\t\t\t\t\t<\/div>\n\t\t\t\t<div class=\"elementor-element elementor-element-f0fa02c elementor-widget elementor-widget-heading\" data-id=\"f0fa02c\" data-element_type=\"widget\" data-e-type=\"widget\" data-widget_type=\"heading.default\">\n\t\t\t\t\t<h2 class=\"elementor-heading-title elementor-size-default\">Prix : 40,00 \u20ac \/ par personne<\/h2>\t\t\t\t<\/div>\n\t\t\t\t<\/div>\n\t\t<div class=\"elementor-element elementor-element-a512b7f e-con-full e-flex elementor-invisible e-con e-child\" data-id=\"a512b7f\" data-element_type=\"container\" data-e-type=\"container\" data-settings=\"{&quot;background_background&quot;:&quot;classic&quot;,&quot;animation&quot;:&quot;fadeInUp&quot;}\">\n\t\t\t\t<div class=\"elementor-element elementor-element-358cd3e elementor-widget elementor-widget-heading\" data-id=\"358cd3e\" data-element_type=\"widget\" data-e-type=\"widget\" data-widget_type=\"heading.default\">\n\t\t\t\t\t<h2 class=\"elementor-heading-title elementor-size-default\"><i>Le grande menu<\/i><\/h2>\t\t\t\t<\/div>\n\t\t\t\t<div class=\"elementor-element elementor-element-5c38648 elementor-widget elementor-widget-text-editor\" data-id=\"5c38648\" data-element_type=\"widget\" data-e-type=\"widget\" data-widget_type=\"text-editor.default\">\n\t\t\t\t\t\t\t\t\t<ul><li>Carpaccio de dorade royal vinaigrette au citron<\/li><li>Gnocchis au fromage de ch\u00e8vre du village<\/li><li>Le filet de canette brais\u00e9 aux \u00e9pices<\/li><li>Mousse l\u00e9g\u00e8re au mascarpone et fraises<\/li><\/ul>\t\t\t\t\t\t\t\t<\/div>\n\t\t\t\t<div class=\"elementor-element elementor-element-17b10b6 elementor-widget elementor-widget-heading\" data-id=\"17b10b6\" data-element_type=\"widget\" data-e-type=\"widget\" data-widget_type=\"heading.default\">\n\t\t\t\t\t<h2 class=\"elementor-heading-title elementor-size-default\">Prix : 68,00 \u20ac \/ par personne<\/h2>\t\t\t\t<\/div>\n\t\t\t\t<\/div>\n\t\t<div class=\"elementor-element elementor-element-e247103 e-con-full e-flex elementor-invisible e-con e-child\" data-id=\"e247103\" data-element_type=\"container\" data-e-type=\"container\" data-settings=\"{&quot;background_background&quot;:&quot;classic&quot;,&quot;animation&quot;:&quot;fadeInUp&quot;}\">\n\t\t\t\t<div class=\"elementor-element elementor-element-be12872 elementor-widget elementor-widget-heading\" data-id=\"be12872\" data-element_type=\"widget\" data-e-type=\"widget\" data-widget_type=\"heading.default\">\n\t\t\t\t\t<h2 class=\"elementor-heading-title elementor-size-default\"><i>Le menu enfants<\/i><\/h2>\t\t\t\t<\/div>\n\t\t\t\t<div class=\"elementor-element elementor-element-0400bbc elementor-widget elementor-widget-text-editor\" data-id=\"0400bbc\" data-element_type=\"widget\" data-e-type=\"widget\" data-widget_type=\"text-editor.default\">\n\t\t\t\t\t\t\t\t\t<ul><li>\u00c9mincer de volaille \u00e0 la cr\u00e8me<\/li><li>Glace et sorbet \u00e0 la minute<\/li><\/ul>\t\t\t\t\t\t\t\t<\/div>\n\t\t\t\t<div class=\"elementor-element elementor-element-eb8650c elementor-widget elementor-widget-heading\" data-id=\"eb8650c\" data-element_type=\"widget\" data-e-type=\"widget\" data-widget_type=\"heading.default\">\n\t\t\t\t\t<h2 class=\"elementor-heading-title elementor-size-default\">Prix : 12,00 \u20ac \/ par enfant<\/h2>\t\t\t\t<\/div>\n\t\t\t\t<\/div>\n\t\t\t\t<\/div>\n\t\t\t\t<div class=\"elementor-element elementor-element-1b2cb88 elementor-widget elementor-widget-text-editor\" data-id=\"1b2cb88\" data-element_type=\"widget\" data-e-type=\"widget\" data-widget_type=\"text-editor.default\">\n\t\t\t\t\t\t\t\t\t<p><em>Le restaurant est accesible aux PMR<\/em><\/p>\t\t\t\t\t\t\t\t<\/div>\n\t\t\t\t\t<\/div>\n\t\t\t\t<\/div>\n\t\t<div class=\"elementor-element elementor-element-4c14b31 e-con-full e-flex e-con e-parent\" data-id=\"4c14b31\" data-element_type=\"container\" data-e-type=\"container\">\n\t\t\t\t<div class=\"elementor-element elementor-element-1962260 elementor-hidden-desktop elementor-hidden-tablet elementor-hidden-mobile elementor-widget elementor-widget-html\" data-id=\"1962260\" data-element_type=\"widget\" data-e-type=\"widget\" data-widget_type=\"html.default\">\n\t\t\t\t\t<style>\n    \/* Supprime l\u2019espace blanc en bas du carrousel d\u2019images Elementor *\/\n.elementor-widget-image-carousel .swiper-container,\n.elementor-widget-image-carousel .swiper,\n.elementor-widget-image-carousel .swiper-wrapper,\n.elementor-widget-image-carousel .swiper-slide,\n.elementor-widget-image-carousel .swiper-slide-inner,\n.elementor-widget-image-carousel .swiper-slide-inner img {\n    height: auto !important;\n    margin: 0 !important;\n    padding: 0 !important;\n}\n\n\/* Force la hauteur exacte de l\u2019image \u2013 plus d\u2019espace parasite *\/\n.elementor-widget-image-carousel .swiper-slide img {\n    object-fit: cover;\n    width: 100% !important;\n    height: 100% !important;\n    display: block;\n}\n\n\/* Supprime le padding-bottom que Swiper ajoute par d\u00e9faut *\/\n.elementor-image-carousel-wrapper,\n.elementor-image-carousel {\n    padding-bottom: 0 !important;\n    margin-bottom: 0 !important;\n}\n\n\/* Si tu veux \u00eatre encore plus radical (fonctionne \u00e0 100%) *\/\n.elementor-element-0c7b95d,\n.elementor-element-bbaef09,\n.elementor-element-bbaef09 .swiper,\n.elementor-element-bbaef09 .swiper-wrapper {\n    padding-bottom: 0 !important;\n    margin-bottom: 0 !important;\n}\n<\/style>\t\t\t\t<\/div>\n\t\t\t\t<div class=\"elementor-element elementor-element-8a52827 elementor-arrows-position-inside elementor-pagination-position-outside elementor-widget elementor-widget-image-carousel\" data-id=\"8a52827\" data-element_type=\"widget\" data-e-type=\"widget\" data-settings=\"{&quot;slides_to_scroll&quot;:&quot;3&quot;,&quot;navigation&quot;:&quot;both&quot;,&quot;autoplay&quot;:&quot;yes&quot;,&quot;pause_on_interaction&quot;:&quot;yes&quot;,&quot;autoplay_speed&quot;:5000,&quot;infinite&quot;:&quot;yes&quot;,&quot;speed&quot;:500}\" data-widget_type=\"image-carousel.default\">\n\t\t\t\t\t\t\t<div class=\"elementor-image-carousel-wrapper swiper\" role=\"region\" aria-roledescription=\"carousel\" aria-label=\"Carrousel d\u2019images\" dir=\"ltr\">\n\t\t\t<div class=\"elementor-image-carousel swiper-wrapper swiper-image-stretch\" aria-live=\"off\">\n\t\t\t\t\t\t\t\t<div class=\"swiper-slide\" role=\"group\" aria-roledescription=\"slide\" aria-label=\"1 sur 19\"><figure class=\"swiper-slide-inner\"><img decoding=\"async\" class=\"swiper-slide-image\" src=\"https:\/\/ivory-eagle-730361.hostingersite.com\/wp-content\/uploads\/2026\/04\/DSC_2070-2-2.jpg\" alt=\"\" \/><\/figure><\/div><div class=\"swiper-slide\" role=\"group\" aria-roledescription=\"slide\" aria-label=\"2 sur 19\"><figure class=\"swiper-slide-inner\"><img decoding=\"async\" class=\"swiper-slide-image\" src=\"https:\/\/ivory-eagle-730361.hostingersite.com\/wp-content\/uploads\/2026\/04\/DSC_2053-2-2.jpg\" alt=\"\" \/><\/figure><\/div><div class=\"swiper-slide\" role=\"group\" aria-roledescription=\"slide\" aria-label=\"3 sur 19\"><figure class=\"swiper-slide-inner\"><img decoding=\"async\" class=\"swiper-slide-image\" src=\"https:\/\/ivory-eagle-730361.hostingersite.com\/wp-content\/uploads\/2026\/04\/DSC_2062-2-2.jpg\" alt=\"\" \/><\/figure><\/div><div class=\"swiper-slide\" role=\"group\" aria-roledescription=\"slide\" aria-label=\"4 sur 19\"><figure class=\"swiper-slide-inner\"><img decoding=\"async\" class=\"swiper-slide-image\" src=\"https:\/\/ivory-eagle-730361.hostingersite.com\/wp-content\/uploads\/2026\/04\/DSC_1918-2-2.jpg\" alt=\"\" \/><\/figure><\/div><div class=\"swiper-slide\" role=\"group\" aria-roledescription=\"slide\" aria-label=\"5 sur 19\"><figure class=\"swiper-slide-inner\"><img decoding=\"async\" class=\"swiper-slide-image\" src=\"https:\/\/ivory-eagle-730361.hostingersite.com\/wp-content\/uploads\/2026\/04\/DSC_1929-2-2.jpg\" alt=\"\" \/><\/figure><\/div><div class=\"swiper-slide\" role=\"group\" aria-roledescription=\"slide\" aria-label=\"6 sur 19\"><figure class=\"swiper-slide-inner\"><img decoding=\"async\" class=\"swiper-slide-image\" src=\"https:\/\/ivory-eagle-730361.hostingersite.com\/wp-content\/uploads\/2026\/04\/DSC_2050-2-2.jpg\" alt=\"\" \/><\/figure><\/div><div class=\"swiper-slide\" role=\"group\" aria-roledescription=\"slide\" aria-label=\"7 sur 19\"><figure class=\"swiper-slide-inner\"><img decoding=\"async\" class=\"swiper-slide-image\" src=\"https:\/\/ivory-eagle-730361.hostingersite.com\/wp-content\/uploads\/2026\/04\/DSC_1892-2-2.jpg\" alt=\"\" \/><\/figure><\/div><div class=\"swiper-slide\" role=\"group\" aria-roledescription=\"slide\" aria-label=\"8 sur 19\"><figure class=\"swiper-slide-inner\"><img decoding=\"async\" class=\"swiper-slide-image\" src=\"https:\/\/ivory-eagle-730361.hostingersite.com\/wp-content\/uploads\/2026\/04\/DSC_1893-2-2.jpg\" alt=\"\" \/><\/figure><\/div><div class=\"swiper-slide\" role=\"group\" aria-roledescription=\"slide\" aria-label=\"9 sur 19\"><figure class=\"swiper-slide-inner\"><img decoding=\"async\" class=\"swiper-slide-image\" src=\"https:\/\/ivory-eagle-730361.hostingersite.com\/wp-content\/uploads\/2026\/04\/11-11-2.jpg\" alt=\"\" \/><\/figure><\/div><div class=\"swiper-slide\" role=\"group\" aria-roledescription=\"slide\" aria-label=\"10 sur 19\"><figure class=\"swiper-slide-inner\"><img decoding=\"async\" class=\"swiper-slide-image\" src=\"https:\/\/ivory-eagle-730361.hostingersite.com\/wp-content\/uploads\/2026\/04\/11-17-2.jpg\" alt=\"\" \/><\/figure><\/div><div class=\"swiper-slide\" role=\"group\" aria-roledescription=\"slide\" aria-label=\"11 sur 19\"><figure class=\"swiper-slide-inner\"><img decoding=\"async\" class=\"swiper-slide-image\" src=\"https:\/\/ivory-eagle-730361.hostingersite.com\/wp-content\/uploads\/2026\/04\/DJI_0110-2.jpg\" alt=\"\" \/><\/figure><\/div><div class=\"swiper-slide\" role=\"group\" aria-roledescription=\"slide\" aria-label=\"12 sur 19\"><figure class=\"swiper-slide-inner\"><img decoding=\"async\" class=\"swiper-slide-image\" src=\"https:\/\/ivory-eagle-730361.hostingersite.com\/wp-content\/uploads\/2026\/04\/11-15-2.jpg\" alt=\"\" \/><\/figure><\/div><div class=\"swiper-slide\" role=\"group\" aria-roledescription=\"slide\" aria-label=\"13 sur 19\"><figure class=\"swiper-slide-inner\"><img decoding=\"async\" class=\"swiper-slide-image\" src=\"https:\/\/ivory-eagle-730361.hostingersite.com\/wp-content\/uploads\/2026\/04\/IMG_3408-1-2.jpg\" alt=\"\" \/><\/figure><\/div><div class=\"swiper-slide\" role=\"group\" aria-roledescription=\"slide\" aria-label=\"14 sur 19\"><figure class=\"swiper-slide-inner\"><img decoding=\"async\" class=\"swiper-slide-image\" src=\"https:\/\/ivory-eagle-730361.hostingersite.com\/wp-content\/uploads\/2026\/04\/IMG_4003-2.jpg\" alt=\"\" \/><\/figure><\/div><div class=\"swiper-slide\" role=\"group\" aria-roledescription=\"slide\" aria-label=\"15 sur 19\"><figure class=\"swiper-slide-inner\"><img decoding=\"async\" class=\"swiper-slide-image\" src=\"https:\/\/ivory-eagle-730361.hostingersite.com\/wp-content\/uploads\/2026\/04\/IMG_4005-2.jpg\" alt=\"\" \/><\/figure><\/div><div class=\"swiper-slide\" role=\"group\" aria-roledescription=\"slide\" aria-label=\"16 sur 19\"><figure class=\"swiper-slide-inner\"><img decoding=\"async\" class=\"swiper-slide-image\" src=\"https:\/\/ivory-eagle-730361.hostingersite.com\/wp-content\/uploads\/2026\/04\/IMG_4006-2.jpg\" alt=\"\" \/><\/figure><\/div><div class=\"swiper-slide\" role=\"group\" aria-roledescription=\"slide\" aria-label=\"17 sur 19\"><figure class=\"swiper-slide-inner\"><img decoding=\"async\" class=\"swiper-slide-image\" src=\"https:\/\/ivory-eagle-730361.hostingersite.com\/wp-content\/uploads\/2026\/04\/IMG_4008-2.jpg\" alt=\"\" \/><\/figure><\/div><div class=\"swiper-slide\" role=\"group\" aria-roledescription=\"slide\" aria-label=\"18 sur 19\"><figure class=\"swiper-slide-inner\"><img decoding=\"async\" class=\"swiper-slide-image\" src=\"https:\/\/ivory-eagle-730361.hostingersite.com\/wp-content\/uploads\/2026\/04\/11-3.jpg\" alt=\"\" \/><\/figure><\/div><div class=\"swiper-slide\" role=\"group\" aria-roledescription=\"slide\" aria-label=\"19 sur 19\"><figure class=\"swiper-slide-inner\"><img decoding=\"async\" class=\"swiper-slide-image\" src=\"https:\/\/ivory-eagle-730361.hostingersite.com\/wp-content\/uploads\/2026\/04\/11-10-2.jpg\" alt=\"\" \/><\/figure><\/div>\t\t\t<\/div>\n\t\t\t\t\t\t\t\t\t\t\t\t<div class=\"elementor-swiper-button elementor-swiper-button-prev\" role=\"button\" tabindex=\"0\">\n\t\t\t\t\t\t<svg aria-hidden=\"true\" class=\"e-font-icon-svg e-eicon-chevron-left\" viewBox=\"0 0 1000 1000\" xmlns=\"http:\/\/www.w3.org\/2000\/svg\"><path d=\"M646 125C629 125 613 133 604 142L308 442C296 454 292 471 292 487 292 504 296 521 308 533L604 854C617 867 629 875 646 875 663 875 679 871 692 858 704 846 713 829 713 812 713 796 708 779 692 767L438 487 692 225C700 217 708 204 708 187 708 171 704 154 692 142 675 129 663 125 646 125Z\"><\/path><\/svg>\t\t\t\t\t<\/div>\n\t\t\t\t\t<div class=\"elementor-swiper-button elementor-swiper-button-next\" role=\"button\" tabindex=\"0\">\n\t\t\t\t\t\t<svg aria-hidden=\"true\" class=\"e-font-icon-svg e-eicon-chevron-right\" viewBox=\"0 0 1000 1000\" xmlns=\"http:\/\/www.w3.org\/2000\/svg\"><path d=\"M696 533C708 521 713 504 713 487 713 471 708 454 696 446L400 146C388 133 375 125 354 125 338 125 325 129 313 142 300 154 292 171 292 187 292 204 296 221 308 233L563 492 304 771C292 783 288 800 288 817 288 833 296 850 308 863 321 871 338 875 354 875 371 875 388 867 400 854L696 533Z\"><\/path><\/svg>\t\t\t\t\t<\/div>\n\t\t\t\t\n\t\t\t\t\t\t\t\t\t<div class=\"swiper-pagination\"><\/div>\n\t\t\t\t\t\t\t\t\t<\/div>\n\t\t\t\t\t\t<\/div>\n\t\t\t\t<\/div>\n\t\t\t\t<\/div>\n\t\t","protected":false},"excerpt":{"rendered":"<p>Restaurant Le restaurant Un lieu magique dans l&rsquo;ambiance chaleureuse d&rsquo;une maison alsacienne pour une table authentique et une cuisine savoureuse et cr\u00e9ative \u00e0 partir de produits locaux ainsi que de d\u00e9licieux petits pains, p\u00e9tris et cuits sur place pour votre plaisir. Dans une grande et belle salle en rotonde qui vous donne l&rsquo;impression de d\u00e9jeuner [&hellip;]<\/p>\n","protected":false},"author":1,"featured_media":0,"parent":0,"menu_order":0,"comment_status":"closed","ping_status":"closed","template":"elementor_header_footer","meta":{"footnotes":""},"class_list":["post-317","page","type-page","status-publish","hentry"],"_links":{"self":[{"href":"https:\/\/restaurant-anthon-privee.org\/index.php?rest_route=\/wp\/v2\/pages\/317","targetHints":{"allow":["GET"]}}],"collection":[{"href":"https:\/\/restaurant-anthon-privee.org\/index.php?rest_route=\/wp\/v2\/pages"}],"about":[{"href":"https:\/\/restaurant-anthon-privee.org\/index.php?rest_route=\/wp\/v2\/types\/page"}],"author":[{"embeddable":true,"href":"https:\/\/restaurant-anthon-privee.org\/index.php?rest_route=\/wp\/v2\/users\/1"}],"replies":[{"embeddable":true,"href":"https:\/\/restaurant-anthon-privee.org\/index.php?rest_route=%2Fwp%2Fv2%2Fcomments&post=317"}],"version-history":[{"count":7,"href":"https:\/\/restaurant-anthon-privee.org\/index.php?rest_route=\/wp\/v2\/pages\/317\/revisions"}],"predecessor-version":[{"id":596,"href":"https:\/\/restaurant-anthon-privee.org\/index.php?rest_route=\/wp\/v2\/pages\/317\/revisions\/596"}],"wp:attachment":[{"href":"https:\/\/restaurant-anthon-privee.org\/index.php?rest_route=%2Fwp%2Fv2%2Fmedia&parent=317"}],"curies":[{"name":"wp","href":"https:\/\/api.w.org\/{rel}","templated":true}]}}